{"id":61162,"date":"2025-06-01T18:43:01","date_gmt":"2025-06-01T11:43:01","guid":{"rendered":"https:\/\/xe.chotot.com\/kinh-nghiem\/?page_id=61162"},"modified":"2025-06-01T18:48:09","modified_gmt":"2025-06-01T11:48:09","slug":"bang-gia-xe-yamaha-sirius","status":"publish","type":"page","link":"https:\/\/xe.chotot.com\/kinh-nghiem\/bang-gia-xe-yamaha-sirius","title":{"rendered":"B\u1ea3ng gi\u00e1 xe Yamaha Sirius c\u1eadp nh\u1eadt m\u1edbi nh\u1ea5t 06\/2025"},"content":{"rendered":"\t\t<div data-elementor-type=\"wp-page\" data-elementor-id=\"61162\" class=\"elementor elementor-61162\">\n\t\t\t\t\t\t<\/div>\n\t\t","protected":false},"excerpt":{"rendered":"<p>B\u1ea3ng gi\u00e1 xe Yamaha Sirius c\u1eadp nh\u1eadt m\u1edbi nh\u1ea5t 06\/2025 Yamaha Sirius &amp; Sirius FI ti\u1ebfp t\u1ee5c kh\u1eb3ng \u0111\u1ecbnh v\u1ecb th\u1ebf v\u1eefng ch\u1eafc trong ph\u00e2n kh\u00fac xe s\u1ed1 ph\u1ed5 th\u00f4ng, n\u1ed5i b\u1eadt v\u1edbi thi\u1ebft k\u1ebf m\u1ea1nh m\u1ebd v\u00e0 \u0111\u1ed9ng c\u01a1 b\u1ec1n b\u1ec9. \u0110\u00e2y l\u00e0 l\u1ef1a ch\u1ecdn l\u00fd t\u01b0\u1edfng cho nh\u1eefng ai t\u00ecm ki\u1ebfm m\u1ed9t m\u1eabu<\/p>\n","protected":false},"author":51,"featured_media":61163,"parent":0,"menu_order":0,"comment_status":"closed","ping_status":"closed","template":"","meta":{"_editorskit_title_hidden":false,"_editorskit_reading_time":0,"_editorskit_is_block_options_detached":false,"_editorskit_block_options_position":"{}","footnotes":""},"categories":[1254],"tags":[],"class_list":{"0":"post-61162","1":"page","2":"type-page","3":"status-publish","4":"has-post-thumbnail","6":"category-tim-hieu-xe-may"},"acf":[],"yoast_head":"<!-- This site is optimized with the Yoast SEO plugin v25.6 - https:\/\/yoast.com\/wordpress\/plugins\/seo\/ -->\n<title>B\u1ea3ng gi\u00e1 xe Yamaha Sirius c\u1eadp nh\u1eadt m\u1edbi nh\u1ea5t 06\/2025<\/title>\n<meta name=\"description\" content=\"Tham kh\u1ea3o b\u1ea3ng gi\u00e1 xe Sirius &amp; Sirius FI m\u1edbi nh\u1ea5t v\u1edbi thi\u1ebft k\u1ebf m\u1ea1nh m\u1ebd, ti\u1ebft ki\u1ec7m nhi\u00ean li\u1ec7u, v\u1eadn h\u00e0nh linh ho\u1ea1t\" \/>\n<meta name=\"robots\" content=\"index, follow, max-snippet:-1, max-image-preview:large, max-video-preview:-1\" \/>\n<link rel=\"canonical\" href=\"https:\/\/xe.chotot.com\/bang-gia-xe-yamaha-sirius\" \/>\n<meta property=\"og:locale\" content=\"en_US\" \/>\n<meta property=\"og:type\" content=\"article\" \/>\n<meta property=\"og:title\" content=\"B\u1ea3ng gi\u00e1 xe Yamaha Sirius c\u1eadp nh\u1eadt m\u1edbi nh\u1ea5t 06\/2025\" \/>\n<meta property=\"og:description\" content=\"Tham kh\u1ea3o b\u1ea3ng gi\u00e1 xe Sirius &amp; Sirius FI m\u1edbi nh\u1ea5t v\u1edbi thi\u1ebft k\u1ebf m\u1ea1nh m\u1ebd, ti\u1ebft ki\u1ec7m nhi\u00ean li\u1ec7u, v\u1eadn h\u00e0nh linh ho\u1ea1t\" \/>\n<meta property=\"og:url\" content=\"https:\/\/xe.chotot.com\/bang-gia-xe-yamaha-sirius\" \/>\n<meta property=\"og:site_name\" content=\"Kinh Nghi\u1ec7m Xe\" \/>\n<meta property=\"article:modified_time\" content=\"2025-06-01T11:48:09+00:00\" \/>\n<meta property=\"og:image\" content=\"https:\/\/static.chotot.com\/storage\/chotot-kinhnghiem\/xe\/2025\/02\/dc778b89-gia-xe-yamaha-sirius.png\" \/>\n\t<meta property=\"og:image:width\" content=\"1280\" \/>\n\t<meta property=\"og:image:height\" content=\"720\" \/>\n\t<meta property=\"og:image:type\" content=\"image\/png\" \/>\n<meta name=\"twitter:card\" content=\"summary_large_image\" \/>\n<meta name=\"twitter:label1\" content=\"Est. reading time\" \/>\n\t<meta name=\"twitter:data1\" content=\"14 minutes\" \/>\n<!-- \/ Yoast SEO plugin. -->","yoast_head_json":{"title":"B\u1ea3ng gi\u00e1 xe Yamaha Sirius c\u1eadp nh\u1eadt m\u1edbi nh\u1ea5t 06\/2025","description":"Tham kh\u1ea3o b\u1ea3ng gi\u00e1 xe Sirius & Sirius FI m\u1edbi nh\u1ea5t v\u1edbi thi\u1ebft k\u1ebf m\u1ea1nh m\u1ebd, ti\u1ebft ki\u1ec7m nhi\u00ean li\u1ec7u, v\u1eadn h\u00e0nh linh ho\u1ea1t","robots":{"index":"index","follow":"follow","max-snippet":"max-snippet:-1","max-image-preview":"max-image-preview:large","max-video-preview":"max-video-preview:-1"},"canonical":"https:\/\/xe.chotot.com\/bang-gia-xe-yamaha-sirius","og_locale":"en_US","og_type":"article","og_title":"B\u1ea3ng gi\u00e1 xe Yamaha Sirius c\u1eadp nh\u1eadt m\u1edbi nh\u1ea5t 06\/2025","og_description":"Tham kh\u1ea3o b\u1ea3ng gi\u00e1 xe Sirius & Sirius FI m\u1edbi nh\u1ea5t v\u1edbi thi\u1ebft k\u1ebf m\u1ea1nh m\u1ebd, ti\u1ebft ki\u1ec7m nhi\u00ean li\u1ec7u, v\u1eadn h\u00e0nh linh ho\u1ea1t","og_url":"https:\/\/xe.chotot.com\/bang-gia-xe-yamaha-sirius","og_site_name":"Kinh Nghi\u1ec7m Xe","article_modified_time":"2025-06-01T11:48:09+00:00","og_image":[{"width":1280,"height":720,"url":"https:\/\/static.chotot.com\/storage\/chotot-kinhnghiem\/xe\/2025\/02\/dc778b89-gia-xe-yamaha-sirius.png","type":"image\/png"}],"twitter_card":"summary_large_image","twitter_misc":{"Est. reading time":"14 minutes"},"schema":{"@context":"https:\/\/schema.org","@graph":[{"@type":"WebPage","@id":"https:\/\/xe.chotot.com\/kinh-nghiem\/bang-gia-xe-yamaha-sirius","url":"https:\/\/xe.chotot.com\/bang-gia-xe-yamaha-sirius","name":"B\u1ea3ng gi\u00e1 xe Yamaha Sirius c\u1eadp nh\u1eadt m\u1edbi nh\u1ea5t 06\/2025","isPartOf":{"@id":"https:\/\/xe.chotot.com\/kinh-nghiem\/#website"},"primaryImageOfPage":{"@id":"https:\/\/xe.chotot.com\/bang-gia-xe-yamaha-sirius#primaryimage"},"image":{"@id":"https:\/\/xe.chotot.com\/bang-gia-xe-yamaha-sirius#primaryimage"},"thumbnailUrl":"https:\/\/static.chotot.com\/storage\/chotot-kinhnghiem\/xe\/2025\/02\/dc778b89-gia-xe-yamaha-sirius.png","datePublished":"2025-06-01T11:43:01+00:00","dateModified":"2025-06-01T11:48:09+00:00","description":"Tham kh\u1ea3o b\u1ea3ng gi\u00e1 xe Sirius & Sirius FI m\u1edbi nh\u1ea5t v\u1edbi thi\u1ebft k\u1ebf m\u1ea1nh m\u1ebd, ti\u1ebft ki\u1ec7m nhi\u00ean li\u1ec7u, v\u1eadn h\u00e0nh linh ho\u1ea1t","inLanguage":"en-US","potentialAction":[{"@type":"ReadAction","target":["https:\/\/xe.chotot.com\/bang-gia-xe-yamaha-sirius"]}]},{"@type":"ImageObject","inLanguage":"en-US","@id":"https:\/\/xe.chotot.com\/bang-gia-xe-yamaha-sirius#primaryimage","url":"https:\/\/static.chotot.com\/storage\/chotot-kinhnghiem\/xe\/2025\/02\/dc778b89-gia-xe-yamaha-sirius.png","contentUrl":"https:\/\/static.chotot.com\/storage\/chotot-kinhnghiem\/xe\/2025\/02\/dc778b89-gia-xe-yamaha-sirius.png","width":1280,"height":720,"caption":"gia-xe-sirius"},{"@type":"WebSite","@id":"https:\/\/xe.chotot.com\/kinh-nghiem\/#website","url":"https:\/\/xe.chotot.com\/kinh-nghiem\/","name":"Kinh Nghi\u1ec7m Xe","description":"Kinh nghi\u1ec7m h\u1eefu \u00edch cho b\u1ea1n khi mua b\u00e1n xe c\u0169 v\u00e0 m\u1edbi","publisher":{"@id":"https:\/\/xe.chotot.com\/kinh-nghiem\/#organization"},"potentialAction":[{"@type":"SearchAction","target":{"@type":"EntryPoint","urlTemplate":"https:\/\/xe.chotot.com\/kinh-nghiem\/?s={search_term_string}"},"query-input":{"@type":"PropertyValueSpecification","valueRequired":true,"valueName":"search_term_string"}}],"inLanguage":"en-US"},{"@type":"Organization","@id":"https:\/\/xe.chotot.com\/kinh-nghiem\/#organization","name":"Kinh Nghi\u1ec7m Xe","url":"https:\/\/xe.chotot.com\/kinh-nghiem\/","logo":{"@type":"ImageObject","inLanguage":"en-US","@id":"https:\/\/xe.chotot.com\/kinh-nghiem\/#\/schema\/logo\/image\/","url":"https:\/\/static.chotot.com\/storage\/chotot-kinhnghiem\/xe\/2022\/11\/d35a798b-chototxelogo.jpg","contentUrl":"https:\/\/static.chotot.com\/storage\/chotot-kinhnghiem\/xe\/2022\/11\/d35a798b-chototxelogo.jpg","width":900,"height":900,"caption":"Kinh Nghi\u1ec7m Xe"},"image":{"@id":"https:\/\/xe.chotot.com\/kinh-nghiem\/#\/schema\/logo\/image\/"}}]}},"_links":{"self":[{"href":"https:\/\/xe.chotot.com\/kinh-nghiem\/wp-json\/wp\/v2\/pages\/61162","targetHints":{"allow":["GET"]}}],"collection":[{"href":"https:\/\/xe.chotot.com\/kinh-nghiem\/wp-json\/wp\/v2\/pages"}],"about":[{"href":"https:\/\/xe.chotot.com\/kinh-nghiem\/wp-json\/wp\/v2\/types\/page"}],"author":[{"embeddable":true,"href":"https:\/\/xe.chotot.com\/kinh-nghiem\/wp-json\/wp\/v2\/users\/51"}],"replies":[{"embeddable":true,"href":"https:\/\/xe.chotot.com\/kinh-nghiem\/wp-json\/wp\/v2\/comments?post=61162"}],"version-history":[{"count":32,"href":"https:\/\/xe.chotot.com\/kinh-nghiem\/wp-json\/wp\/v2\/pages\/61162\/revisions"}],"predecessor-version":[{"id":64513,"href":"https:\/\/xe.chotot.com\/kinh-nghiem\/wp-json\/wp\/v2\/pages\/61162\/revisions\/64513"}],"wp:featuredmedia":[{"embeddable":true,"href":"https:\/\/xe.chotot.com\/kinh-nghiem\/wp-json\/wp\/v2\/media\/61163"}],"wp:attachment":[{"href":"https:\/\/xe.chotot.com\/kinh-nghiem\/wp-json\/wp\/v2\/media?parent=61162"}],"wp:term":[{"taxonomy":"category","embeddable":true,"href":"https:\/\/xe.chotot.com\/kinh-nghiem\/wp-json\/wp\/v2\/categories?post=61162"},{"taxonomy":"post_tag","embeddable":true,"href":"https:\/\/xe.chotot.com\/kinh-nghiem\/wp-json\/wp\/v2\/tags?post=61162"}],"curies":[{"name":"wp","href":"https:\/\/api.w.org\/{rel}","templated":true}]}}