{"id":61084,"date":"2025-06-01T18:27:55","date_gmt":"2025-06-01T11:27:55","guid":{"rendered":"https:\/\/xe.chotot.com\/kinh-nghiem\/?page_id=61084"},"modified":"2025-06-01T18:31:13","modified_gmt":"2025-06-01T11:31:13","slug":"bang-gia-xe-honda-vision","status":"publish","type":"page","link":"https:\/\/xe.chotot.com\/kinh-nghiem\/bang-gia-xe-honda-vision","title":{"rendered":"B\u1ea3ng Gi\u00e1 Xe Vision C\u1eadp Nh\u1eadt M\u1edbi Nh\u1ea5t Th\u00e1ng 6\/2025"},"content":{"rendered":"\t\t<div data-elementor-type=\"wp-page\" data-elementor-id=\"61084\" class=\"elementor elementor-61084\">\n\t\t\t\t\t\t<\/div>\n\t\t","protected":false},"excerpt":{"rendered":"<p>Honda Vision &#8211; B\u1ea3ng Gi\u00e1 Xe Vision M\u1edbi Nh\u1ea5t Th\u00e1ng 6\/2025 M\u1ee5c l\u1ee5c Honda Vision lu\u00f4n thu h\u00fat s\u1ef1 ch\u00fa \u00fd nh\u1edd ki\u1ec3u d\u00e1ng hi\u1ec7n \u0111\u1ea1i, tinh t\u1ebf v\u00e0 ph\u00f9 h\u1ee3p v\u1edbi nhi\u1ec1u l\u1ee9a tu\u1ed5i. D\u00f9 thu\u1ed9c ph\u00e2n kh\u00fac xe tay ga ph\u1ed5 th\u00f4ng, Vision v\u1eabn mang phong c\u00e1ch thi\u1ebft k\u1ebf sang tr\u1ecdng, th\u1eeba h\u01b0\u1edfng<\/p>\n","protected":false},"author":51,"featured_media":61085,"parent":0,"menu_order":0,"comment_status":"closed","ping_status":"closed","template":"","meta":{"_editorskit_title_hidden":false,"_editorskit_reading_time":0,"_editorskit_is_block_options_detached":false,"_editorskit_block_options_position":"{}","footnotes":""},"categories":[1254],"tags":[],"class_list":{"0":"post-61084","1":"page","2":"type-page","3":"status-publish","4":"has-post-thumbnail","6":"category-tim-hieu-xe-may"},"acf":[],"yoast_head":"<!-- This site is optimized with the Yoast SEO plugin v25.6 - https:\/\/yoast.com\/wordpress\/plugins\/seo\/ -->\n<title>B\u1ea3ng Gi\u00e1 Xe Vision C\u1eadp Nh\u1eadt M\u1edbi Nh\u1ea5t Th\u00e1ng 6\/2025<\/title>\n<meta name=\"description\" content=\"Tham kh\u1ea3o b\u1ea3ng gi\u00e1 xe Vision m\u1edbi nh\u1ea5t th\u00e1ng 6\/2025 c\u00f9ng thi\u1ebft k\u1ebf hi\u1ec7n \u0111\u1ea1i, c\u00f4ng ngh\u1ec7 ti\u00ean ti\u1ebfn, v\u1eadn h\u00e0nh b\u1ec1n b\u1ec9 v\u00e0 ti\u1ebft ki\u1ec7m.\" \/>\n<meta name=\"robots\" content=\"index, follow, max-snippet:-1, max-image-preview:large, max-video-preview:-1\" \/>\n<link rel=\"canonical\" href=\"https:\/\/xe.chotot.com\/bang-gia-xe-honda-vision\" \/>\n<meta property=\"og:locale\" content=\"en_US\" \/>\n<meta property=\"og:type\" content=\"article\" \/>\n<meta property=\"og:title\" content=\"B\u1ea3ng Gi\u00e1 Xe Vision C\u1eadp Nh\u1eadt M\u1edbi Nh\u1ea5t Th\u00e1ng 6\/2025\" \/>\n<meta property=\"og:description\" content=\"Tham kh\u1ea3o b\u1ea3ng gi\u00e1 xe Vision m\u1edbi nh\u1ea5t th\u00e1ng 6\/2025 c\u00f9ng thi\u1ebft k\u1ebf hi\u1ec7n \u0111\u1ea1i, c\u00f4ng ngh\u1ec7 ti\u00ean ti\u1ebfn, v\u1eadn h\u00e0nh b\u1ec1n b\u1ec9 v\u00e0 ti\u1ebft ki\u1ec7m.\" \/>\n<meta property=\"og:url\" content=\"https:\/\/xe.chotot.com\/bang-gia-xe-honda-vision\" \/>\n<meta property=\"og:site_name\" content=\"Kinh Nghi\u1ec7m Xe\" \/>\n<meta property=\"article:modified_time\" content=\"2025-06-01T11:31:13+00:00\" \/>\n<meta property=\"og:image\" content=\"https:\/\/static.chotot.com\/storage\/chotot-kinhnghiem\/xe\/2025\/02\/e1e692b7-gia-xe-honda-vision.png\" \/>\n\t<meta property=\"og:image:width\" content=\"1280\" \/>\n\t<meta property=\"og:image:height\" content=\"720\" \/>\n\t<meta property=\"og:image:type\" content=\"image\/png\" \/>\n<meta name=\"twitter:card\" content=\"summary_large_image\" \/>\n<meta name=\"twitter:label1\" content=\"Est. reading time\" \/>\n\t<meta name=\"twitter:data1\" content=\"14 minutes\" \/>\n<!-- \/ Yoast SEO plugin. -->","yoast_head_json":{"title":"B\u1ea3ng Gi\u00e1 Xe Vision C\u1eadp Nh\u1eadt M\u1edbi Nh\u1ea5t Th\u00e1ng 6\/2025","description":"Tham kh\u1ea3o b\u1ea3ng gi\u00e1 xe Vision m\u1edbi nh\u1ea5t th\u00e1ng 6\/2025 c\u00f9ng thi\u1ebft k\u1ebf hi\u1ec7n \u0111\u1ea1i, c\u00f4ng ngh\u1ec7 ti\u00ean ti\u1ebfn, v\u1eadn h\u00e0nh b\u1ec1n b\u1ec9 v\u00e0 ti\u1ebft ki\u1ec7m.","robots":{"index":"index","follow":"follow","max-snippet":"max-snippet:-1","max-image-preview":"max-image-preview:large","max-video-preview":"max-video-preview:-1"},"canonical":"https:\/\/xe.chotot.com\/bang-gia-xe-honda-vision","og_locale":"en_US","og_type":"article","og_title":"B\u1ea3ng Gi\u00e1 Xe Vision C\u1eadp Nh\u1eadt M\u1edbi Nh\u1ea5t Th\u00e1ng 6\/2025","og_description":"Tham kh\u1ea3o b\u1ea3ng gi\u00e1 xe Vision m\u1edbi nh\u1ea5t th\u00e1ng 6\/2025 c\u00f9ng thi\u1ebft k\u1ebf hi\u1ec7n \u0111\u1ea1i, c\u00f4ng ngh\u1ec7 ti\u00ean ti\u1ebfn, v\u1eadn h\u00e0nh b\u1ec1n b\u1ec9 v\u00e0 ti\u1ebft ki\u1ec7m.","og_url":"https:\/\/xe.chotot.com\/bang-gia-xe-honda-vision","og_site_name":"Kinh Nghi\u1ec7m Xe","article_modified_time":"2025-06-01T11:31:13+00:00","og_image":[{"width":1280,"height":720,"url":"https:\/\/static.chotot.com\/storage\/chotot-kinhnghiem\/xe\/2025\/02\/e1e692b7-gia-xe-honda-vision.png","type":"image\/png"}],"twitter_card":"summary_large_image","twitter_misc":{"Est. reading time":"14 minutes"},"schema":{"@context":"https:\/\/schema.org","@graph":[{"@type":"WebPage","@id":"https:\/\/xe.chotot.com\/kinh-nghiem\/bang-gia-xe-honda-vision","url":"https:\/\/xe.chotot.com\/bang-gia-xe-honda-vision","name":"B\u1ea3ng Gi\u00e1 Xe Vision C\u1eadp Nh\u1eadt M\u1edbi Nh\u1ea5t Th\u00e1ng 6\/2025","isPartOf":{"@id":"https:\/\/xe.chotot.com\/kinh-nghiem\/#website"},"primaryImageOfPage":{"@id":"https:\/\/xe.chotot.com\/bang-gia-xe-honda-vision#primaryimage"},"image":{"@id":"https:\/\/xe.chotot.com\/bang-gia-xe-honda-vision#primaryimage"},"thumbnailUrl":"https:\/\/static.chotot.com\/storage\/chotot-kinhnghiem\/xe\/2025\/02\/e1e692b7-gia-xe-honda-vision.png","datePublished":"2025-06-01T11:27:55+00:00","dateModified":"2025-06-01T11:31:13+00:00","description":"Tham kh\u1ea3o b\u1ea3ng gi\u00e1 xe Vision m\u1edbi nh\u1ea5t th\u00e1ng 6\/2025 c\u00f9ng thi\u1ebft k\u1ebf hi\u1ec7n \u0111\u1ea1i, c\u00f4ng ngh\u1ec7 ti\u00ean ti\u1ebfn, v\u1eadn h\u00e0nh b\u1ec1n b\u1ec9 v\u00e0 ti\u1ebft ki\u1ec7m.","inLanguage":"en-US","potentialAction":[{"@type":"ReadAction","target":["https:\/\/xe.chotot.com\/bang-gia-xe-honda-vision"]}]},{"@type":"ImageObject","inLanguage":"en-US","@id":"https:\/\/xe.chotot.com\/bang-gia-xe-honda-vision#primaryimage","url":"https:\/\/static.chotot.com\/storage\/chotot-kinhnghiem\/xe\/2025\/02\/e1e692b7-gia-xe-honda-vision.png","contentUrl":"https:\/\/static.chotot.com\/storage\/chotot-kinhnghiem\/xe\/2025\/02\/e1e692b7-gia-xe-honda-vision.png","width":1280,"height":720,"caption":"gia-xe-honda-vision"},{"@type":"WebSite","@id":"https:\/\/xe.chotot.com\/kinh-nghiem\/#website","url":"https:\/\/xe.chotot.com\/kinh-nghiem\/","name":"Kinh Nghi\u1ec7m Xe","description":"Kinh nghi\u1ec7m h\u1eefu \u00edch cho b\u1ea1n khi mua b\u00e1n xe c\u0169 v\u00e0 m\u1edbi","publisher":{"@id":"https:\/\/xe.chotot.com\/kinh-nghiem\/#organization"},"potentialAction":[{"@type":"SearchAction","target":{"@type":"EntryPoint","urlTemplate":"https:\/\/xe.chotot.com\/kinh-nghiem\/?s={search_term_string}"},"query-input":{"@type":"PropertyValueSpecification","valueRequired":true,"valueName":"search_term_string"}}],"inLanguage":"en-US"},{"@type":"Organization","@id":"https:\/\/xe.chotot.com\/kinh-nghiem\/#organization","name":"Kinh Nghi\u1ec7m Xe","url":"https:\/\/xe.chotot.com\/kinh-nghiem\/","logo":{"@type":"ImageObject","inLanguage":"en-US","@id":"https:\/\/xe.chotot.com\/kinh-nghiem\/#\/schema\/logo\/image\/","url":"https:\/\/static.chotot.com\/storage\/chotot-kinhnghiem\/xe\/2022\/11\/d35a798b-chototxelogo.jpg","contentUrl":"https:\/\/static.chotot.com\/storage\/chotot-kinhnghiem\/xe\/2022\/11\/d35a798b-chototxelogo.jpg","width":900,"height":900,"caption":"Kinh Nghi\u1ec7m Xe"},"image":{"@id":"https:\/\/xe.chotot.com\/kinh-nghiem\/#\/schema\/logo\/image\/"}}]}},"_links":{"self":[{"href":"https:\/\/xe.chotot.com\/kinh-nghiem\/wp-json\/wp\/v2\/pages\/61084","targetHints":{"allow":["GET"]}}],"collection":[{"href":"https:\/\/xe.chotot.com\/kinh-nghiem\/wp-json\/wp\/v2\/pages"}],"about":[{"href":"https:\/\/xe.chotot.com\/kinh-nghiem\/wp-json\/wp\/v2\/types\/page"}],"author":[{"embeddable":true,"href":"https:\/\/xe.chotot.com\/kinh-nghiem\/wp-json\/wp\/v2\/users\/51"}],"replies":[{"embeddable":true,"href":"https:\/\/xe.chotot.com\/kinh-nghiem\/wp-json\/wp\/v2\/comments?post=61084"}],"version-history":[{"count":33,"href":"https:\/\/xe.chotot.com\/kinh-nghiem\/wp-json\/wp\/v2\/pages\/61084\/revisions"}],"predecessor-version":[{"id":64458,"href":"https:\/\/xe.chotot.com\/kinh-nghiem\/wp-json\/wp\/v2\/pages\/61084\/revisions\/64458"}],"wp:featuredmedia":[{"embeddable":true,"href":"https:\/\/xe.chotot.com\/kinh-nghiem\/wp-json\/wp\/v2\/media\/61085"}],"wp:attachment":[{"href":"https:\/\/xe.chotot.com\/kinh-nghiem\/wp-json\/wp\/v2\/media?parent=61084"}],"wp:term":[{"taxonomy":"category","embeddable":true,"href":"https:\/\/xe.chotot.com\/kinh-nghiem\/wp-json\/wp\/v2\/categories?post=61084"},{"taxonomy":"post_tag","embeddable":true,"href":"https:\/\/xe.chotot.com\/kinh-nghiem\/wp-json\/wp\/v2\/tags?post=61084"}],"curies":[{"name":"wp","href":"https:\/\/api.w.org\/{rel}","templated":true}]}}