{"id":59865,"date":"2025-06-02T22:05:09","date_gmt":"2025-06-02T15:05:09","guid":{"rendered":"https:\/\/xe.chotot.com\/kinh-nghiem\/?page_id=59865"},"modified":"2025-06-02T22:08:14","modified_gmt":"2025-06-02T15:08:14","slug":"bang-gia-xe-honda-civic","status":"publish","type":"page","link":"https:\/\/xe.chotot.com\/kinh-nghiem\/bang-gia-xe-honda-civic","title":{"rendered":"B\u1ea3ng gi\u00e1 xe Honda Civic v\u00e0 \u01b0u \u0111\u00e3i m\u1edbi nh\u1ea5t th\u00e1ng 06\/2025"},"content":{"rendered":"\t\t<div data-elementor-type=\"wp-page\" data-elementor-id=\"59865\" class=\"elementor elementor-59865\">\n\t\t\t\t\t\t<section class=\"elementor-section elementor-top-section elementor-element elementor-element-4b1cfded elementor-section-boxed elementor-section-height-default elementor-section-height-default\" data-id=\"4b1cfded\" data-element_type=\"section\" data-e-type=\"section\">\n\t\t\t\t\t\t<div class=\"elementor-container elementor-column-gap-default\">\n\t\t\t\t\t<div class=\"elementor-column elementor-col-100 elementor-top-column elementor-element elementor-element-69ef96a7\" data-id=\"69ef96a7\" data-element_type=\"column\" data-e-type=\"column\">\n\t\t\t<div class=\"elementor-widget-wrap elementor-element-populated\">\n\t\t\t\t\t\t<div class=\"elementor-element elementor-element-6c81fb70 elementor-widget elementor-widget-text-editor\" data-id=\"6c81fb70\" data-element_type=\"widget\" data-e-type=\"widget\" data-widget_type=\"text-editor.default\">\n\t\t\t\t<div class=\"elementor-widget-container\">\n\t\t\t\t\t\t\t\t\t<h1 dir=\"ltr\" style=\"line-height: 1.38; text-align: center; margin-top: 0pt; margin-bottom: 0pt;\"><span id=\"docs-internal-guid-d1bfbb9e-7fff-a8f2-39d5-5bd401a6a472\" style=\"font-weight: normal;\"><span style=\"font-size: 23pt; font-family: 'Helvetica Neue', sans-serif; color: #282828; font-weight: bold; font-variant-numeric: normal; font-variant-east-asian: normal; font-variant-alternates: normal; font-variant-position: normal; font-variant-emoji: normal; vertical-align: baseline; white-space-collapse: preserve;\">B\u1ea3ng gi\u00e1 xe Honda Civic l\u0103n b\u00e1nh v\u00e0 \u01b0u \u0111\u00e3i 06\/2025<\/span><\/span><\/h1>\t\t\t\t\t\t\t\t<\/div>\n\t\t\t\t<\/div>\n\t\t\t\t<div class=\"elementor-element elementor-element-16d53cfd elementor-widget elementor-widget-text-editor\" data-id=\"16d53cfd\" data-element_type=\"widget\" data-e-type=\"widget\" data-widget_type=\"text-editor.default\">\n\t\t\t\t<div class=\"elementor-widget-container\">\n\t\t\t\t\t\t\t\t\t<p dir=\"ltr\" style=\"line-height: 1.38; text-align: justify; margin-top: 0pt; margin-bottom: 8pt;\"><span style=\"font-size: 12pt; font-family: 'Helvetica Neue', sans-serif; color: #222222; background-color: transparent; font-weight: bold; font-variant: normal; text-decoration: none; vertical-align: baseline; white-space: pre-wrap;\"><i>Gi\u00e1 xe Honda Civic m\u1edbi nh\u1ea5t c\u00f9ng th\u00f4ng tin khuy\u1ebfn m\u00e3i, h\u00ecnh \u1ea3nh, th\u00f4ng s\u1ed1 k\u1ef9 thu\u1eadt v\u00e0 chi ph\u00ed l\u0103n b\u00e1nh th\u00e1ng 06\/2025<\/i><\/span><\/p><p dir=\"ltr\" style=\"line-height: 1.38; text-align: justify; margin-top: 12pt; margin-bottom: 12pt;\"><span style=\"font-size: 12pt; font-family: 'Helvetica Neue', sans-serif; color: #222222; background-color: transparent; font-weight: 400; font-variant: normal; text-decoration: none; vertical-align: baseline; white-space: pre-wrap;\"><i>Honda Civic l\u1ea7n \u0111\u1ea7u ti\u00ean xu\u1ea5t hi\u1ec7n tr\u00ean th\u1ecb tr\u01b0\u1eddng to\u00e0n c\u1ea7u v\u00e0o n\u0103m 1972. Qua h\u01a1n 50 n\u0103m v\u1edbi 11 th\u1ebf h\u1ec7 c\u1ea3i ti\u1ebfn li\u00ean t\u1ee5c, m\u1eabu sedan n\u00e0y \u0111\u00e3 tr\u1edf th\u00e0nh bi\u1ec3u t\u01b0\u1ee3ng th\u00e0nh c\u00f4ng c\u1ee7a th\u01b0\u01a1ng hi\u1ec7u Honda, \u0111\u01b0\u1ee3c y\u00eau th\u00edch tr\u00ean to\u00e0n th\u1ebf gi\u1edbi.<\/i><\/span><\/p><p dir=\"ltr\" style=\"line-height: 1.38; text-align: justify; margin-top: 12pt; margin-bottom: 12pt;\"><span style=\"font-size: 12pt; font-family: 'Helvetica Neue', sans-serif; color: #222222; background-color: transparent; font-weight: 400; font-variant: normal; text-decoration: none; vertical-align: baseline; white-space: pre-wrap;\"><i>T\u1ea1i th\u1ecb tr\u01b0\u1eddng Vi\u1ec7t Nam, Honda Civic ch\u00ednh th\u1ee9c \u0111\u01b0\u1ee3c gi\u1edbi thi\u1ec7u t\u1eeb n\u0103m 2006 v\u00e0 nhanh ch\u00f3ng tr\u1edf th\u00e0nh m\u1ed9t trong nh\u1eefng m\u1eabu xe \u0103n kh\u00e1ch c\u1ee7a h\u00e3ng. Th\u1ebf h\u1ec7 th\u1ee9 11 c\u1ee7a Civic ra m\u1eaft v\u00e0o ng\u00e0y 16\/2\/2022 v\u1edbi h\u00e0ng lo\u1ea1t n\u00e2ng c\u1ea5p m\u1ea1nh m\u1ebd v\u1ec1 thi\u1ebft k\u1ebf, c\u00f4ng ngh\u1ec7 v\u00e0 tr\u1ea3i nghi\u1ec7m l\u00e1i. Xe \u0111\u01b0\u1ee3c nh\u1eadp kh\u1ea9u nguy\u00ean chi\u1ebfc t\u1eeb Th\u00e1i Lan v\u1edbi ba phi\u00ean b\u1ea3n: E, G v\u00e0 RS, \u0111\u00e1p \u1ee9ng nhu c\u1ea7u \u0111a d\u1ea1ng c\u1ee7a ng\u01b0\u1eddi ti\u00eau d\u00f9ng.<\/i><\/span><\/p><p dir=\"ltr\" style=\"line-height: 1.38; text-align: justify; margin-top: 12pt; margin-bottom: 12pt;\"><span style=\"font-size: 12pt; font-family: 'Helvetica Neue', sans-serif; color: #222222; background-color: transparent; font-weight: 400; font-variant: normal; text-decoration: none; vertical-align: baseline; white-space: pre-wrap;\"><i>Nh\u1eefng c\u1ea3i ti\u1ebfn \u0111\u00e1ng ch\u00fa \u00fd tr\u00ean Civic th\u1ebf h\u1ec7 m\u1edbi kh\u00f4ng ch\u1ec9 gi\u00fap m\u1eabu xe n\u00e0y t\u1ea1o d\u1ea5u \u1ea5n m\u1ea1nh m\u1ebd t\u1ea1i Vi\u1ec7t Nam m\u00e0 c\u00f2n mang v\u1ec1 c\u00e1c gi\u1ea3i th\u01b0\u1edfng danh gi\u00e1. V\u1edbi thi\u1ebft k\u1ebf th\u1ec3 thao, c\u00f4ng ngh\u1ec7 hi\u1ec7n \u0111\u1ea1i v\u00e0 kh\u1ea3 n\u0103ng v\u1eadn h\u00e0nh \u1ea5n t\u01b0\u1ee3ng, Honda Civic ti\u1ebfp t\u1ee5c l\u00e0 l\u1ef1a ch\u1ecdn h\u00e0ng \u0111\u1ea7u trong ph\u00e2n kh\u00fac sedan t\u1ea7m trung t\u1ea1i Vi\u1ec7t Nam.<\/i><\/span><\/p>\t\t\t\t\t\t\t\t<\/div>\n\t\t\t\t<\/div>\n\t\t\t\t\t<\/div>\n\t\t<\/div>\n\t\t\t\t\t<\/div>\n\t\t<\/section>\n\t\t\t\t<section class=\"elementor-section elementor-top-section elementor-element elementor-element-12d076c elementor-section-boxed elementor-section-height-default elementor-section-height-default\" data-id=\"12d076c\" data-element_type=\"section\" data-e-type=\"section\">\n\t\t\t\t\t\t<div class=\"elementor-container elementor-column-gap-default\">\n\t\t\t\t\t<div class=\"elementor-column elementor-col-100 elementor-top-column elementor-element elementor-element-1fb6553\" data-id=\"1fb6553\" data-element_type=\"column\" data-e-type=\"column\">\n\t\t\t<div class=\"elementor-widget-wrap elementor-element-populated\">\n\t\t\t\t\t\t<div class=\"elementor-element elementor-element-16771c2 elementor-widget__width-initial elementor-widget elementor-widget-text-editor\" data-id=\"16771c2\" data-element_type=\"widget\" data-e-type=\"widget\" data-widget_type=\"text-editor.default\">\n\t\t\t\t<div class=\"elementor-widget-container\">\n\t\t\t\t\t\t\t\t\t<h2><span style=\"background-color: transparent; font-family: 'Helvetica Neue', sans-serif; font-size: 16pt; font-weight: bold; white-space-collapse: preserve; color: var( --e-global-color-primary );\">C\u1eadp nh\u1eadt gi\u00e1 xe Honda Civic th\u00e1ng 06\/2025 t\u1ea1i Ch\u1ee3 T\u1ed1t Xe<\/span><\/h2>\t\t\t\t\t\t\t\t<\/div>\n\t\t\t\t<\/div>\n\t\t\t\t<div class=\"elementor-element elementor-element-ba4d6c3 elementor-widget elementor-widget-html\" data-id=\"ba4d6c3\" data-element_type=\"widget\" data-e-type=\"widget\" data-widget_type=\"html.default\">\n\t\t\t\t<div class=\"elementor-widget-container\">\n\t\t\t\t\t<iframe width=\"891\" height=\"501\" src=\"https:\/\/www.youtube.com\/embed\/c66Owsthfzg\" title=\"C\u1eadp Nh\u1eadt Gi\u00e1 v\u00e0 T\u00ecnh H\u00ecnh Mua B\u00e1n Honda Civic 01\/2025\" frameborder=\"0\" allow=\"accelerometer; autoplay; clipboard-write; encrypted-media; gyroscope; picture-in-picture; web-share\" referrerpolicy=\"strict-origin-when-cross-origin\" allowfullscreen><\/iframe>\t\t\t\t<\/div>\n\t\t\t\t<\/div>\n\t\t\t\t<div class=\"elementor-element elementor-element-cadcb18 elementor-align-center elementor-widget elementor-widget-button\" data-id=\"cadcb18\" data-element_type=\"widget\" data-e-type=\"widget\" data-widget_type=\"button.default\">\n\t\t\t\t<div class=\"elementor-widget-container\">\n\t\t\t\t\t\t\t\t\t<div class=\"elementor-button-wrapper\">\n\t\t\t\t\t<a class=\"elementor-button elementor-button-link elementor-size-sm\" href=\"https:\/\/xe.chotot.com\/mua-ban-oto-honda-civic-sdcb6cm241\">\n\t\t\t\t\t\t<span class=\"elementor-button-content-wrapper\">\n\t\t\t\t\t\t\t\t\t<span class=\"elementor-button-text\">Gi\u00e1 xe Honda Civic c\u0169<\/span>\n\t\t\t\t\t<\/span>\n\t\t\t\t\t<\/a>\n\t\t\t\t<\/div>\n\t\t\t\t\t\t\t\t<\/div>\n\t\t\t\t<\/div>\n\t\t\t\t\t<\/div>\n\t\t<\/div>\n\t\t\t\t\t<\/div>\n\t\t<\/section>\n\t\t\t\t<\/div>\n\t\t","protected":false},"excerpt":{"rendered":"<p>B\u1ea3ng gi\u00e1 xe Honda Civic l\u0103n b\u00e1nh v\u00e0 \u01b0u \u0111\u00e3i 06\/2025 Gi\u00e1 xe Honda Civic m\u1edbi nh\u1ea5t c\u00f9ng th\u00f4ng tin khuy\u1ebfn m\u00e3i, h\u00ecnh \u1ea3nh, th\u00f4ng s\u1ed1 k\u1ef9 thu\u1eadt v\u00e0 chi ph\u00ed l\u0103n b\u00e1nh th\u00e1ng 06\/2025 Honda Civic l\u1ea7n \u0111\u1ea7u ti\u00ean xu\u1ea5t hi\u1ec7n tr\u00ean th\u1ecb tr\u01b0\u1eddng to\u00e0n c\u1ea7u v\u00e0o n\u0103m 1972. Qua h\u01a1n 50 n\u0103m v\u1edbi<\/p>\n","protected":false},"author":51,"featured_media":59871,"parent":0,"menu_order":0,"comment_status":"closed","ping_status":"closed","template":"elementor_theme","meta":{"_editorskit_title_hidden":false,"_editorskit_reading_time":0,"_editorskit_is_block_options_detached":false,"_editorskit_block_options_position":"{}","footnotes":""},"categories":[1253,1256],"tags":[],"class_list":{"0":"post-59865","1":"page","2":"type-page","3":"status-publish","4":"has-post-thumbnail","6":"category-tim-hieu-oto","7":"category-hieu-ve-xe"},"acf":[],"yoast_head":"<!-- This site is optimized with the Yoast SEO plugin v25.6 - https:\/\/yoast.com\/wordpress\/plugins\/seo\/ -->\n<title>B\u1ea3ng gi\u00e1 xe Honda Civic v\u00e0 \u01b0u \u0111\u00e3i m\u1edbi nh\u1ea5t th\u00e1ng 06\/2025<\/title>\n<meta name=\"description\" content=\"B\u1ea3ng gi\u00e1 xe Honda Civic th\u00e1ng 06\/2025 m\u1edbi nh\u1ea5t tr\u00ean Ch\u1ee3 T\u1ed1t Xe. C\u1eadp nh\u1eadt, so s\u00e1nh gi\u00e1 xe Civic l\u0103n b\u00e1nh k\u00e8m \u01b0u \u0111\u00e3i h\u1ea5p d\u1eabn.\" \/>\n<meta name=\"robots\" content=\"index, follow, max-snippet:-1, max-image-preview:large, max-video-preview:-1\" \/>\n<link rel=\"canonical\" href=\"https:\/\/xe.chotot.com\/bang-gia-xe-honda-civic\" \/>\n<meta property=\"og:locale\" content=\"en_US\" \/>\n<meta property=\"og:type\" content=\"article\" \/>\n<meta property=\"og:title\" content=\"B\u1ea3ng gi\u00e1 xe Honda Civic v\u00e0 \u01b0u \u0111\u00e3i m\u1edbi nh\u1ea5t th\u00e1ng 06\/2025\" \/>\n<meta property=\"og:description\" content=\"B\u1ea3ng gi\u00e1 xe Honda Civic th\u00e1ng 06\/2025 m\u1edbi nh\u1ea5t tr\u00ean Ch\u1ee3 T\u1ed1t Xe. C\u1eadp nh\u1eadt, so s\u00e1nh gi\u00e1 xe Civic l\u0103n b\u00e1nh k\u00e8m \u01b0u \u0111\u00e3i h\u1ea5p d\u1eabn.\" \/>\n<meta property=\"og:url\" content=\"https:\/\/xe.chotot.com\/bang-gia-xe-honda-civic\" \/>\n<meta property=\"og:site_name\" content=\"Kinh Nghi\u1ec7m Xe\" \/>\n<meta property=\"article:modified_time\" content=\"2025-06-02T15:08:14+00:00\" \/>\n<meta property=\"og:image\" content=\"https:\/\/static.chotot.com\/storage\/chotot-kinhnghiem\/xe\/2024\/12\/4123e472-gia-xe-civic.jpg\" \/>\n\t<meta property=\"og:image:width\" content=\"1024\" \/>\n\t<meta property=\"og:image:height\" content=\"576\" \/>\n\t<meta property=\"og:image:type\" content=\"image\/jpeg\" \/>\n<meta name=\"twitter:card\" content=\"summary_large_image\" \/>\n<meta name=\"twitter:label1\" content=\"Est. reading time\" \/>\n\t<meta name=\"twitter:data1\" content=\"24 minutes\" \/>\n<!-- \/ Yoast SEO plugin. -->","yoast_head_json":{"title":"B\u1ea3ng gi\u00e1 xe Honda Civic v\u00e0 \u01b0u \u0111\u00e3i m\u1edbi nh\u1ea5t th\u00e1ng 06\/2025","description":"B\u1ea3ng gi\u00e1 xe Honda Civic th\u00e1ng 06\/2025 m\u1edbi nh\u1ea5t tr\u00ean Ch\u1ee3 T\u1ed1t Xe. C\u1eadp nh\u1eadt, so s\u00e1nh gi\u00e1 xe Civic l\u0103n b\u00e1nh k\u00e8m \u01b0u \u0111\u00e3i h\u1ea5p d\u1eabn.","robots":{"index":"index","follow":"follow","max-snippet":"max-snippet:-1","max-image-preview":"max-image-preview:large","max-video-preview":"max-video-preview:-1"},"canonical":"https:\/\/xe.chotot.com\/bang-gia-xe-honda-civic","og_locale":"en_US","og_type":"article","og_title":"B\u1ea3ng gi\u00e1 xe Honda Civic v\u00e0 \u01b0u \u0111\u00e3i m\u1edbi nh\u1ea5t th\u00e1ng 06\/2025","og_description":"B\u1ea3ng gi\u00e1 xe Honda Civic th\u00e1ng 06\/2025 m\u1edbi nh\u1ea5t tr\u00ean Ch\u1ee3 T\u1ed1t Xe. C\u1eadp nh\u1eadt, so s\u00e1nh gi\u00e1 xe Civic l\u0103n b\u00e1nh k\u00e8m \u01b0u \u0111\u00e3i h\u1ea5p d\u1eabn.","og_url":"https:\/\/xe.chotot.com\/bang-gia-xe-honda-civic","og_site_name":"Kinh Nghi\u1ec7m Xe","article_modified_time":"2025-06-02T15:08:14+00:00","og_image":[{"width":1024,"height":576,"url":"https:\/\/static.chotot.com\/storage\/chotot-kinhnghiem\/xe\/2024\/12\/4123e472-gia-xe-civic.jpg","type":"image\/jpeg"}],"twitter_card":"summary_large_image","twitter_misc":{"Est. reading time":"24 minutes"},"schema":{"@context":"https:\/\/schema.org","@graph":[{"@type":"WebPage","@id":"https:\/\/xe.chotot.com\/kinh-nghiem\/bang-gia-xe-honda-civic","url":"https:\/\/xe.chotot.com\/bang-gia-xe-honda-civic","name":"B\u1ea3ng gi\u00e1 xe Honda Civic v\u00e0 \u01b0u \u0111\u00e3i m\u1edbi nh\u1ea5t th\u00e1ng 06\/2025","isPartOf":{"@id":"https:\/\/xe.chotot.com\/kinh-nghiem\/#website"},"primaryImageOfPage":{"@id":"https:\/\/xe.chotot.com\/bang-gia-xe-honda-civic#primaryimage"},"image":{"@id":"https:\/\/xe.chotot.com\/bang-gia-xe-honda-civic#primaryimage"},"thumbnailUrl":"https:\/\/static.chotot.com\/storage\/chotot-kinhnghiem\/xe\/2024\/12\/4123e472-gia-xe-civic.jpg","datePublished":"2025-06-02T15:05:09+00:00","dateModified":"2025-06-02T15:08:14+00:00","description":"B\u1ea3ng gi\u00e1 xe Honda Civic th\u00e1ng 06\/2025 m\u1edbi nh\u1ea5t tr\u00ean Ch\u1ee3 T\u1ed1t Xe. C\u1eadp nh\u1eadt, so s\u00e1nh gi\u00e1 xe Civic l\u0103n b\u00e1nh k\u00e8m \u01b0u \u0111\u00e3i h\u1ea5p d\u1eabn.","inLanguage":"en-US","potentialAction":[{"@type":"ReadAction","target":["https:\/\/xe.chotot.com\/bang-gia-xe-honda-civic"]}]},{"@type":"ImageObject","inLanguage":"en-US","@id":"https:\/\/xe.chotot.com\/bang-gia-xe-honda-civic#primaryimage","url":"https:\/\/static.chotot.com\/storage\/chotot-kinhnghiem\/xe\/2024\/12\/4123e472-gia-xe-civic.jpg","contentUrl":"https:\/\/static.chotot.com\/storage\/chotot-kinhnghiem\/xe\/2024\/12\/4123e472-gia-xe-civic.jpg","width":1024,"height":576,"caption":"gia-xe-civic"},{"@type":"WebSite","@id":"https:\/\/xe.chotot.com\/kinh-nghiem\/#website","url":"https:\/\/xe.chotot.com\/kinh-nghiem\/","name":"Kinh Nghi\u1ec7m Xe","description":"Kinh nghi\u1ec7m h\u1eefu \u00edch cho b\u1ea1n khi mua b\u00e1n xe c\u0169 v\u00e0 m\u1edbi","publisher":{"@id":"https:\/\/xe.chotot.com\/kinh-nghiem\/#organization"},"potentialAction":[{"@type":"SearchAction","target":{"@type":"EntryPoint","urlTemplate":"https:\/\/xe.chotot.com\/kinh-nghiem\/?s={search_term_string}"},"query-input":{"@type":"PropertyValueSpecification","valueRequired":true,"valueName":"search_term_string"}}],"inLanguage":"en-US"},{"@type":"Organization","@id":"https:\/\/xe.chotot.com\/kinh-nghiem\/#organization","name":"Kinh Nghi\u1ec7m Xe","url":"https:\/\/xe.chotot.com\/kinh-nghiem\/","logo":{"@type":"ImageObject","inLanguage":"en-US","@id":"https:\/\/xe.chotot.com\/kinh-nghiem\/#\/schema\/logo\/image\/","url":"https:\/\/static.chotot.com\/storage\/chotot-kinhnghiem\/xe\/2022\/11\/d35a798b-chototxelogo.jpg","contentUrl":"https:\/\/static.chotot.com\/storage\/chotot-kinhnghiem\/xe\/2022\/11\/d35a798b-chototxelogo.jpg","width":900,"height":900,"caption":"Kinh Nghi\u1ec7m Xe"},"image":{"@id":"https:\/\/xe.chotot.com\/kinh-nghiem\/#\/schema\/logo\/image\/"}}]}},"_links":{"self":[{"href":"https:\/\/xe.chotot.com\/kinh-nghiem\/wp-json\/wp\/v2\/pages\/59865","targetHints":{"allow":["GET"]}}],"collection":[{"href":"https:\/\/xe.chotot.com\/kinh-nghiem\/wp-json\/wp\/v2\/pages"}],"about":[{"href":"https:\/\/xe.chotot.com\/kinh-nghiem\/wp-json\/wp\/v2\/types\/page"}],"author":[{"embeddable":true,"href":"https:\/\/xe.chotot.com\/kinh-nghiem\/wp-json\/wp\/v2\/users\/51"}],"replies":[{"embeddable":true,"href":"https:\/\/xe.chotot.com\/kinh-nghiem\/wp-json\/wp\/v2\/comments?post=59865"}],"version-history":[{"count":134,"href":"https:\/\/xe.chotot.com\/kinh-nghiem\/wp-json\/wp\/v2\/pages\/59865\/revisions"}],"predecessor-version":[{"id":64800,"href":"https:\/\/xe.chotot.com\/kinh-nghiem\/wp-json\/wp\/v2\/pages\/59865\/revisions\/64800"}],"wp:featuredmedia":[{"embeddable":true,"href":"https:\/\/xe.chotot.com\/kinh-nghiem\/wp-json\/wp\/v2\/media\/59871"}],"wp:attachment":[{"href":"https:\/\/xe.chotot.com\/kinh-nghiem\/wp-json\/wp\/v2\/media?parent=59865"}],"wp:term":[{"taxonomy":"category","embeddable":true,"href":"https:\/\/xe.chotot.com\/kinh-nghiem\/wp-json\/wp\/v2\/categories?post=59865"},{"taxonomy":"post_tag","embeddable":true,"href":"https:\/\/xe.chotot.com\/kinh-nghiem\/wp-json\/wp\/v2\/tags?post=59865"}],"curies":[{"name":"wp","href":"https:\/\/api.w.org\/{rel}","templated":true}]}}